{"id":9,"date":"2024-10-22T13:54:52","date_gmt":"2024-10-22T13:54:52","guid":{"rendered":"https:\/\/gigadmin.ch\/?page_id=9"},"modified":"2025-04-03T06:20:44","modified_gmt":"2025-04-03T06:20:44","slug":"gig-administrator","status":"publish","type":"page","link":"https:\/\/gigadmin.ch\/","title":{"rendered":"Gigadmin"},"content":{"rendered":"\n<p class=\"has-text-align-center has-text-color has-link-color wp-elements-464f152b0b55df2657fb66c9ac840a3e\" style=\"color:#53161b;margin-top:var(--wp--preset--spacing--30);margin-right:0;margin-bottom:0;margin-left:0;font-size:36px\"><strong>Software zur Planung und Verwaltung von Auftritten<\/strong><\/p>\n\n\n\n<p class=\"has-text-align-center has-text-color has-link-color wp-elements-e00321ec304eea8aef20ca6adf6e65b6\" style=\"color:#53161b;margin-top:var(--wp--preset--spacing--30);margin-right:0;margin-bottom:var(--wp--preset--spacing--30);margin-left:0;font-size:30px\">Verwaltung von Auftritten f\u00fcr Musiker und Musikgruppen<\/p>\n\n\n\n<div style=\"height:56px\" aria-hidden=\"true\" class=\"wp-block-spacer\"><\/div>\n\n\n\n<p class=\"has-border-color has-text-color has-background has-link-color has-medium-font-size wp-elements-eba165156715dde0fed74bfa56971581\" style=\"border-color:#53161b;border-width:2px;border-radius:9px;color:#53161b;background-color:#f7f7de;padding-top:var(--wp--preset--spacing--20);padding-right:var(--wp--preset--spacing--30);padding-bottom:var(--wp--preset--spacing--20);padding-left:var(--wp--preset--spacing--30)\">Sind Sie auftretende(r) MusikerIn und haben regelm\u00e4ssige Auftritte, alleine oder in Gruppen wie (Bands, Orchester)? Vielleicht sind Sie sogar in mehreren Ensembles oder Gruppen engagiert?<br>Die Softwareplattform &#8222;Gigadmin&#8220; hilft Ihnen Ihre Auftritte und Gruppenzugeh\u00f6rigkeiten zu organisieren und planen.<br>Laden Sie ihre Gruppenmitglieder (Musiker, Bandmitglieder, &#8230;) in die Gruppe ein und erstellen Auftritte innerhalb dieser Gruppen. Sie erfassen diese Daten an einem Ort und ihre Gruppenmitglieder sind informiert wann der n\u00e4chste Auftritt ist, wo, welche Art, was dazu ben\u00f6tigt wird und vieles mehr.<br><br>Der &#8222;Gigadmin\u00ae&#8220; ist zurzeit noch in Entwicklung und steht vorerst nur ausgew\u00e4hlten Testpersonen und Testgruppen zur Verf\u00fcgung. Eine Registrierung ist deshalb noch nicht m\u00f6glich.<\/p>\n\n\n\n<div style=\"height:83px\" aria-hidden=\"true\" class=\"wp-block-spacer\"><\/div>\n\n\n\n<div class=\"wp-block-buttons is-content-justification-center is-layout-flex wp-container-core-buttons-is-layout-a89b3969 wp-block-buttons-is-layout-flex\">\n<div class=\"wp-block-button\"><a class=\"wp-block-button__link has-text-color has-background has-link-color wp-element-button\" href=\"https:\/\/app.gigadmin.ch\" style=\"color:#faebd7;background-color:#53161b\" target=\"_blank\" rel=\"noreferrer noopener\">Zum Gigadmin<\/a><\/div>\n<\/div>\n\n\n\n<p><\/p>\n","protected":false},"excerpt":{"rendered":"<p>Software zur Planung und Verwaltung von Auftritten Verwaltung von Auftritten f\u00fcr Musiker und Musikgruppen Sind Sie auftretende(r) MusikerIn und haben [&hellip;]<\/p>\n","protected":false},"author":1,"featured_media":0,"parent":0,"menu_order":0,"comment_status":"closed","ping_status":"closed","template":"","meta":{"site-sidebar-layout":"default","site-content-layout":"","ast-site-content-layout":"default","site-content-style":"boxed","site-sidebar-style":"default","ast-global-header-display":"","ast-banner-title-visibility":"","ast-main-header-display":"","ast-hfb-above-header-display":"","ast-hfb-below-header-display":"","ast-hfb-mobile-header-display":"","site-post-title":"disabled","ast-breadcrumbs-content":"","ast-featured-img":"","footer-sml-layout":"","ast-disable-related-posts":"","theme-transparent-header-meta":"","adv-header-id-meta":"","stick-header-meta":"","header-above-stick-meta":"","header-main-stick-meta":"","header-below-stick-meta":"","astra-migrate-meta-layouts":"default","ast-page-background-enabled":"default","ast-page-background-meta":{"desktop":{"background-color":"var(--ast-global-color-4)","background-image":"","background-repeat":"repeat","background-position":"center center","background-size":"auto","background-attachment":"scroll","background-type":"","background-media":"","overlay-type":"","overlay-color":"","overlay-opacity":"","overlay-gradient":""},"tablet":{"background-color":"","background-image":"","background-repeat":"repeat","background-position":"center center","background-size":"auto","background-attachment":"scroll","background-type":"","background-media":"","overlay-type":"","overlay-color":"","overlay-opacity":"","overlay-gradient":""},"mobile":{"background-color":"","background-image":"","background-repeat":"repeat","background-position":"center center","background-size":"auto","background-attachment":"scroll","background-type":"","background-media":"","overlay-type":"","overlay-color":"","overlay-opacity":"","overlay-gradient":""}},"ast-content-background-meta":{"desktop":{"background-color":"var(--ast-global-color-5)","background-image":"","background-repeat":"repeat","background-position":"center center","background-size":"auto","background-attachment":"scroll","background-type":"","background-media":"","overlay-type":"","overlay-color":"","overlay-opacity":"","overlay-gradient":""},"tablet":{"background-color":"var(--ast-global-color-5)","background-image":"","background-repeat":"repeat","background-position":"center center","background-size":"auto","background-attachment":"scroll","background-type":"","background-media":"","overlay-type":"","overlay-color":"","overlay-opacity":"","overlay-gradient":""},"mobile":{"background-color":"var(--ast-global-color-5)","background-image":"","background-repeat":"repeat","background-position":"center center","background-size":"auto","background-attachment":"scroll","background-type":"","background-media":"","overlay-type":"","overlay-color":"","overlay-opacity":"","overlay-gradient":""}},"footnotes":""},"class_list":["post-9","page","type-page","status-publish","hentry"],"_links":{"self":[{"href":"https:\/\/gigadmin.ch\/index.php\/wp-json\/wp\/v2\/pages\/9","targetHints":{"allow":["GET"]}}],"collection":[{"href":"https:\/\/gigadmin.ch\/index.php\/wp-json\/wp\/v2\/pages"}],"about":[{"href":"https:\/\/gigadmin.ch\/index.php\/wp-json\/wp\/v2\/types\/page"}],"author":[{"embeddable":true,"href":"https:\/\/gigadmin.ch\/index.php\/wp-json\/wp\/v2\/users\/1"}],"replies":[{"embeddable":true,"href":"https:\/\/gigadmin.ch\/index.php\/wp-json\/wp\/v2\/comments?post=9"}],"version-history":[{"count":20,"href":"https:\/\/gigadmin.ch\/index.php\/wp-json\/wp\/v2\/pages\/9\/revisions"}],"predecessor-version":[{"id":274,"href":"https:\/\/gigadmin.ch\/index.php\/wp-json\/wp\/v2\/pages\/9\/revisions\/274"}],"wp:attachment":[{"href":"https:\/\/gigadmin.ch\/index.php\/wp-json\/wp\/v2\/media?parent=9"}],"curies":[{"name":"wp","href":"https:\/\/api.w.org\/{rel}","templated":true}]}}