{"id":44,"date":"2024-11-17T11:55:40","date_gmt":"2024-11-17T11:55:40","guid":{"rendered":"https:\/\/gigadmin.ch\/?page_id=44"},"modified":"2025-04-03T06:16:35","modified_gmt":"2025-04-03T06:16:35","slug":"datenschutzerklaerung","status":"publish","type":"page","link":"https:\/\/gigadmin.ch\/index.php\/datenschutzerklaerung\/","title":{"rendered":"Datenschutzerkl\u00e4rung"},"content":{"rendered":"\n<h2 class=\"wp-block-heading has-x-large-font-size\" style=\"margin-top:var(--wp--preset--spacing--70)\">Datenschutzerkl\u00e4rung<\/h2>\n\n\n\n<h2 class=\"wp-block-heading has-large-font-size\">1. Geltungsbereich<\/h2>\n\n\n\n<p>Diese Datenschutzerkl\u00e4rung unter gigadmin.ch gilt f\u00fcr die Webseite sowie f\u00fcr die Applikation Gigadmin, unter <a href=\"http:\/\/app.gigadmin.ch\" target=\"_blank\" rel=\"noreferrer noopener\">app.gigadmin.ch<\/a>.<\/p>\n\n\n\n<p>Es gilt das neue Schweizer Datenschutzrecht (revDSG). Auf allenfalls dar\u00fcber hinaus anwendbares Recht aus der Europ\u00e4ischen Datenschutz-Grundverordnung (DSGVO) wird spezifisch hingewiesen.<\/p>\n\n\n\n<h2 class=\"wp-block-heading has-large-font-size\">2. Verantwortlicher Betreiber der Cloud-Applikation &#8222;Gigadmin&#8220;<\/h2>\n\n\n\n<p>Verantwortlicher Betreiber und Datenschutzbeauftragter:<br><br>D. Frey<br>8542 Wiesendangen<br>Schweiz<br><a href=\"mailto:support@gigadmin.ch\" target=\"_blank\" rel=\"noreferrer noopener\">support@gigadmin.ch<\/a><br><br>Im Weiteren als &#8222;Verantwortlicher&#8220; oder &#8222;Betreiber&#8220; genannt.<\/p>\n\n\n\n<h2 class=\"wp-block-heading has-large-font-size\">3. Art, Zweck und Verwendung der Datenverarbeitung<\/h2>\n\n\n\n<p class=\"has-medium-font-size\" style=\"margin-top:var(--wp--preset--spacing--60);margin-bottom:var(--wp--preset--spacing--20)\"><strong>Bei der Nutzung der Gigadmin Applikation (mit Login)<\/strong><\/p>\n\n\n\n<p>Ab dem Zeitpunkt an dem Sie sich bei Gigadmin registriert haben und sich \u00fcber den gesicherten Zugang einloggen, werden alle von Ihnen erfassten Daten auf einem Server der Hostingfirma (Hostfactory c\/o OptimaNet Schweiz AG, Stationstrasse 56, 8472 Seuzach) in der Schweiz gespeichert. Dies beinhaltet s\u00e4mtliche Login-Daten sowie alle von Ihnen w\u00e4hrend des Bearbeitungsprozesses innerhalb der Applikation erfassten Daten.<br><br>Die von Ihnen erfassten Daten umfassen (Name, Vorname, E-Mail, Telefonnummer und andere technisch relevanten Daten welche f\u00fcr den Betrieb der Applikation notwendig sind). Sie erfassen Daten wie (Anlass, Ort, Datum, Zeit und andere relevanten Informationen) f\u00fcr ihre Auftritte. Ferner erfassen und bearbeiten Sie Daten von K\u00fcnstlergruppen (Bands, Theatergruppen, &#8230;) bei denen Sie als Mitglied registriert sind und verwalten die Daten von Veranstaltern bei denen Sie als K\u00fcnstler oder K\u00fcnstlergruppe auftreten. Die jeweiligen Mitglieder einer K\u00fcnstlergruppe haben Einsicht in ihre oben genannten Daten und die erfassten Auftritte.<br><br>Der Betreiber behandelt die Daten sorgf\u00e4ltig und sorgt f\u00fcr die n\u00f6tige Sicherheit gem\u00e4ss dieser Datenschutzerkl\u00e4rung. Der Endkunde erkl\u00e4rt seine Zustimmung und befreit den Verantwortlichen von allen m\u00f6glichen Anspr\u00fcchen von Mitgliedern oder Mitarbeitern des Endkunden gegen\u00fcber des Betreibers.&nbsp;Der Endkunde erkl\u00e4rt weiter, dass er die alleinige Verantwortung tr\u00e4gt f\u00fcr die Information seiner Gruppenmitglieder und eventuell sogar Mitarbeiter betreffend der m\u00f6glichen Datenspeicherung, -nutzung, -bearbeitung und -weitergabe durch den Betreiber des &#8222;Gigadmin&#8220; gem\u00e4ss den Richtlinien dieser Datenschutzerkl\u00e4rung. Sollten einzelne Mitglieder oder Mitarbeiter des Endkunden mit der vorgesehenen Datenbearbeitung nicht einverstanden sein, ist der Endkunde verantwortlich die jeweiligen Daten, K\u00fcnstlergruppen, Veranstalter und sein Benutzerprofil im Gigadmin entsprechend zu l\u00f6schen.<\/p>\n\n\n\n<p><strong>Mit der Registration f\u00fcr die Gigadmin Applikation akzeptieren Sie die Bearbeitung, Verwendung und Weitergabe ihrer personenbezogenen Daten im Umfang und Rahmen dieser Datenschutzerkl\u00e4rung.<\/strong><\/p>\n\n\n\n<h2 class=\"wp-block-heading\">4. Cookies<\/h2>\n\n\n\n<p>Wir setzen auf unserer Webseite typischerweise \u201eCookies\u201c und vergleichbare Techniken ein, mit denen Ihr Browser oder Ihr Ger\u00e4t identifiziert werden kann. Ein Cookie ist eine kleine Datei, die an Ihren Computer gesendet bzw. vom verwendeten Webbrowser automatisch auf Ihrem Computer oder mobilen Ger\u00e4t gespeichert wird, wenn Sie unsere Website besuchen. Wenn Sie diese Website erneut aufrufen, k\u00f6nnen wir Sie so wiedererkennen, selbst wenn wir nicht wissen, wer Sie sind. Neben Cookies, die lediglich w\u00e4hrend einer Sitzung benutzt und nach Ihrem Website-Besuch gel\u00f6scht werden (\u201eSession Cookies\u201c), k\u00f6nnen Cookies auch benutzt werden, um Nutzereinstellungen und andere Informationen \u00fcber eine bestimmte Zeit (z.B. zwei Jahre) zu speichern (\u201epermanente Cookies\u201c). Sie k\u00f6nnen Ihren Browser jedoch so einstellen, dass er Cookies zur\u00fcckweist, nur f\u00fcr eine Sitzung speichert oder sonst vorzeitig l\u00f6scht. Die meisten Browser sind so voreingestellt, dass Sie Cookies akzeptieren. Wir nutzen permanente Cookies damit Sie Benutzereinstellungen speichern k\u00f6nnen (z.B. Sprache, Autologin). Gewisse Cookies werden von uns gesetzt, gewisse auch von Vertragspartnern, mit denen wir zusammenarbeiten. Wenn Sie Cookies sperren, kann es sein, dass gewisse Funktionalit\u00e4ten nicht mehr funktionieren.<br><br>Es werden von uns in der aktuellen Version nur technisch notwendige aber keine von Ihnen erfassten pers\u00f6nlichen Daten in Cookies gespeichert, verarbeitet, beziehungsweise auch nicht an Dritte weitergeleitet. Es werden in der aktuellen Version auch keine Analytics- Marketing- Social Media oder vergleichbare Tools eingesetzt welche Cookies speichern und weiterverarbeiten.<\/p>\n\n\n\n<p>Mit der fortgesetzten Nutzung unserer Website und\/oder der Zustimmung zu dieser Datenschutzerkl\u00e4rung willigen Sie ein, dass technisch notwendige Cookies von uns gesetzt und damit gespeichert und genutzt werden, auch \u00fcber das Ende der Browser-Sitzung hinaus. Diese Einwilligung k\u00f6nnen Sie jederzeit widerrufen, indem Sie die Browservoreinstellung zur Verweigerung von Cookies von Drittanbietern aktivieren.<\/p>\n\n\n\n<h2 class=\"wp-block-heading\">5. Ihre Rechte<\/h2>\n\n\n\n<p><strong>Sie haben das Recht&#8230;<\/strong><\/p>\n\n\n\n<p style=\"margin-bottom:var(--wp--preset--spacing--30)\"><strong>Auskunft<\/strong> (Art. 15 DSGVO \/ Art. 25 refDSG)<\/p>\n\n\n\n<p style=\"margin-top:var(--wp--preset--spacing--20)\">Auskunft \u00fcber Ihre von uns verarbeiteten personenbezogenen Daten zu verlangen. Insbesondere k\u00f6nnen Sie Auskunft \u00fcber die Verarbeitungszwecke, die Kategorie der personenbezogenen Daten, die Kategorien von Empf\u00e4ngern, gegen\u00fcber denen Ihre Daten offengelegt wurden oder werden, die geplante Speicherdauer, das Bestehen eines Rechts auf Berichtigung, L\u00f6schung, Einschr\u00e4nkung der Verarbeitung oder Widerspruch, das Bestehen eines Beschwerderechts, die Herkunft Ihrer Daten, sofern diese nicht bei uns erhoben wurden, sowie \u00fcber das Bestehen einer automatisierten Entscheidungsfindung einschliesslich Profiling und gegebenenfalls aussagekr\u00e4ftigen Informationen zu deren Einzelheiten verlangen. Bei einem unverh\u00e4ltnism\u00e4ssig grossen Aufwand behalten wir uns vor, von Ihnen einen Legitimationsausweis sowie die \u00dcbernahme der effektiven Kosten vorab zu verlangen.<\/p>\n\n\n\n<p style=\"margin-bottom:var(--wp--preset--spacing--20)\"><strong>Berichtigung der Daten <\/strong>(Art. 16 DSGVO \/ Art. 32 Abs. 1 revDSG)<\/p>\n\n\n\n<p style=\"margin-top:var(--wp--preset--spacing--20)\">unverz\u00fcglich die Berichtigung unrichtiger oder Vervollst\u00e4ndigung Ihrer bei uns gespeicherten personenbezogenen Daten zu verlangen.<\/p>\n\n\n\n<p style=\"margin-bottom:var(--wp--preset--spacing--30)\"><strong>L\u00f6schung der Daten <\/strong>(Art. 17 DSGVO \/ Art. 32 Abs. 4 revDSG)<\/p>\n\n\n\n<p style=\"margin-top:var(--wp--preset--spacing--30)\">von dem Verantwortlichen zu verlangen, dass die betreffenden personenbezogenen Daten unverz\u00fcglich gel\u00f6scht werden. Der Verantwortliche ist verpflichtet, personenbezogene Daten unverz\u00fcglich zu l\u00f6schen, soweit nicht die Verarbeitung zur Aus\u00fcbung des Rechts auf freie Meinungs\u00e4usserung und Information, zur Erf\u00fcllung einer rechtlichen Verpflichtung, aus Gr\u00fcnden des \u00f6ffentlichen Interesses oder zur Geltendmachung, Aus\u00fcbung oder Verteidigung von Rechtsanspr\u00fcchen erforderlich ist.<\/p>\n\n\n\n<p style=\"margin-bottom:var(--wp--preset--spacing--30)\"><strong>Einschr\u00e4nkung der Verarbeitung<\/strong> (Art. 18, 21 DSGVO)<\/p>\n\n\n\n<p style=\"margin-top:var(--wp--preset--spacing--30)\">die Einschr\u00e4nkung der Verarbeitung Ihrer personenbezogenen Daten zu verlangen, soweit die Richtigkeit der Daten von Ihnen bestritten wird, die Verarbeitung unrechtm\u00e4ssig ist, Sie aber deren L\u00f6schung ablehnen und wir die Daten nicht mehr ben\u00f6tigen, Sie jedoch diese zur Geltendmachung, Aus\u00fcbung oder Verteidigung von Rechtsanspr\u00fcchen ben\u00f6tigen oder Sie Widerspruch gegen die Verarbeitung eingelegt haben.<\/p>\n\n\n\n<p style=\"margin-bottom:var(--wp--preset--spacing--30)\"><strong>Erhalt personenbezogener Daten<\/strong> (Art. 20 DSGVO \/ Art. 28 revDSG)<\/p>\n\n\n\n<p style=\"margin-top:var(--wp--preset--spacing--30)\">Ihre personenbezogenen Daten, die Sie uns bereitgestellt haben, in einem strukturierten, g\u00e4ngigen und maschinenlesbaren Format zu erhalten oder die \u00dcbermittlung an einen anderen Verantwortlichen zu verlangen .<\/p>\n\n\n\n<p style=\"margin-bottom:var(--wp--preset--spacing--30)\"><strong>Einwilligung Widerruf<\/strong> (Art. 7 Abs. 3 DSGVO)<\/p>\n\n\n\n<p style=\"margin-top:var(--wp--preset--spacing--30)\">Ihre einmal erteilte Einwilligung jederzeit gegen\u00fcber uns zu widerrufen. Dies hat zur Folge, dass wir die Datenverarbeitung, die auf dieser Einwilligung beruhte, f\u00fcr die Zukunft nicht mehr fortf\u00fchren d\u00fcrfen.<\/p>\n\n\n\n<p style=\"margin-bottom:var(--wp--preset--spacing--30)\"><strong>Beschwerde an Aufsichtsbeh\u00f6rde<\/strong> (Art. 77 DSGVO \/ Art. 49 revDSG)<\/p>\n\n\n\n<p style=\"margin-top:var(--wp--preset--spacing--30)\">sich bei einer Aufsichtsbeh\u00f6rde zu beschweren.<br>Sofern Sie mit unserem Umgang mit Ihren Rechten oder dem Datenschutz nicht einverstanden sind, teilen Sie uns das bitte mit (vgl. Kontaktangaben in Ziff. 2). Wenn Sie sich im  EWR befinden, haben Sie zudem das Recht, sich bei der Datenschutz-Aufsichtsbeh\u00f6rde Ihres Landes zu beschweren. Eine Liste der Beh\u00f6rden im EWR finden Sie hier: <a href=\"https:\/\/edpb.europa.eu\/about-edpb\/board\/members_de\" target=\"_blank\" rel=\"noreferrer noopener\">https:\/\/edpb.europa.eu\/about-edpb\/board\/members_de<\/a>.<\/p>\n\n\n\n<p style=\"margin-top:0;margin-bottom:var(--wp--preset--spacing--30)\"><strong>Widerspruchsrecht<\/strong> (Art. 21 DSGVO)<\/p>\n\n\n\n<p style=\"margin-top:var(--wp--preset--spacing--30)\">Sofern Ihre personenbezogenen Daten auf Grundlage von berechtigten Interessen verarbeitet werden, haben Sie das Recht, Widerspruch gegen die Verarbeitung Ihrer personenbezogenen Daten einzulegen, soweit daf\u00fcr Gr\u00fcnde vorliegen, die sich aus Ihrer besonderen Situation ergeben oder sich der Widerspruch gegen Direktwerbung richtet. Im letzteren Fall haben Sie ein generelles Widerspruchsrecht, das ohne Angabe einer besonderen Situation von uns umgesetzt wird.<\/p>\n\n\n\n<h2 class=\"wp-block-heading\">6. Datensicherheit<\/h2>\n\n\n\n<p>Wir verwenden innerhalb des Webseite-Besuchs das verbreitete SSL\/TLS-Verfahren in Verbindung mit der jeweils h\u00f6chsten Verschl\u00fcsselungsstufe, die von Ihrem Browser unterst\u00fctzt wird. Ob eine einzelne Seite unseres Internetauftrittes verschl\u00fcsselt \u00fcbertragen wird, erkennen Sie an der geschlossenen Darstellung des Schl\u00fcssel- beziehungsweise Schloss-Symbols in der Adressleiste Ihres Browsers.<br>Dar\u00fcber hinaus wenden wir weitere geeignete technische und organisatorische Sicherheitsmassnahmen an, um Ihre Daten gegen zuf\u00e4llige oder vors\u00e4tzliche Manipulationen, teilweisen oder vollst\u00e4ndigen Verlust, Zerst\u00f6rung oder gegen den unbefugten Zugriff Dritter zu sch\u00fctzen. Unsere Sicherheitsmassnahmen werden entsprechend der technologischen Entwicklung fortlaufend verbessert.<\/p>\n\n\n\n<h2 class=\"wp-block-heading\">7. Aufbewahrungsdauer<\/h2>\n\n\n\n<p>Wir weisen Sie darauf hin, dass wir Ihre Daten grunds\u00e4tzlich so lange bearbeiten, wie es unsere Bearbeitungszwecke (vgl. Ziff. 3), die gesetzlichen Aufbewahrungsfristen und unsere berechtigten Interessen, insbesondere zu Dokumentations- und Beweiszwecken, es verlangen oder eine Speicherung technisch bedingt ist (z.B. im Falle von  Backups oder Dokumentenmanagementsystemen). Stehen keine rechtlichen oder vertraglichen Pflichten oder technische Gr\u00fcnde entgegen, l\u00f6schen oder anonymisieren  wir Ihre Daten grunds\u00e4tzlich nach Ablauf der Speicher- oder Bearbeitungsdauer im Rahmen unserer \u00fcblichen Abl\u00e4ufe und in Einklang mit unserer Aufbewahrungsrichtlinie.<br>Sofern Sie bestimmte Personendaten nicht nennen, kann dies dazu f\u00fchren, dass die Erbringung der damit zusammenh\u00e4ngenden Dienstleistungen oder ein  Vertragsabschluss nicht m\u00f6glich ist. Wir geben grunds\u00e4tzlich an, wo von uns verlangte Personendaten zwingend sind.<\/p>\n\n\n\n<h2 class=\"wp-block-heading\">8. Aktualit\u00e4t und \u00c4nderung dieser Datenschutzerkl\u00e4rung<\/h2>\n\n\n\n<p>Diese Datenschutzerkl\u00e4rung ist nicht Bestandteil eines Vertrags mit Ihnen. Wir k\u00f6nnen diese Datenschutzerkl\u00e4rung jederzeit anpassen. Die auf dieser Website ver\u00f6ffentlichte Version ist die jeweils aktuelle Fassung. Die aktuelle Datenschutzerkl\u00e4rung kann auf <a href=\"http:\/\/gigadmin.ch\" data-type=\"link\" data-id=\"gigadmin.ch\" target=\"_blank\" rel=\"noreferrer noopener\">gigadmin.ch<\/a> abgerufen werden.<\/p>\n\n\n\n<p style=\"margin-bottom:var(--wp--preset--spacing--80)\">Wiesendangen, 17. November 2024, Version 1.0<\/p>\n","protected":false},"excerpt":{"rendered":"<p>Datenschutzerkl\u00e4rung 1. Geltungsbereich Diese Datenschutzerkl\u00e4rung unter gigadmin.ch gilt f\u00fcr die Webseite sowie f\u00fcr die Applikation Gigadmin, unter app.gigadmin.ch. Es gilt [&hellip;]<\/p>\n","protected":false},"author":1,"featured_media":0,"parent":0,"menu_order":0,"comment_status":"closed","ping_status":"closed","template":"","meta":{"site-sidebar-layout":"default","site-content-layout":"","ast-site-content-layout":"default","site-content-style":"default","site-sidebar-style":"default","ast-global-header-display":"","ast-banner-title-visibility":"","ast-main-header-display":"","ast-hfb-above-header-display":"","ast-hfb-below-header-display":"","ast-hfb-mobile-header-display":"","site-post-title":"disabled","ast-breadcrumbs-content":"","ast-featured-img":"","footer-sml-layout":"","ast-disable-related-posts":"","theme-transparent-header-meta":"","adv-header-id-meta":"","stick-header-meta":"","header-above-stick-meta":"","header-main-stick-meta":"","header-below-stick-meta":"","astra-migrate-meta-layouts":"default","ast-page-background-enabled":"default","ast-page-background-meta":{"desktop":{"background-color":"var(--ast-global-color-4)","background-image":"","background-repeat":"repeat","background-position":"center center","background-size":"auto","background-attachment":"scroll","background-type":"","background-media":"","overlay-type":"","overlay-color":"","overlay-opacity":"","overlay-gradient":""},"tablet":{"background-color":"","background-image":"","background-repeat":"repeat","background-position":"center center","background-size":"auto","background-attachment":"scroll","background-type":"","background-media":"","overlay-type":"","overlay-color":"","overlay-opacity":"","overlay-gradient":""},"mobile":{"background-color":"","background-image":"","background-repeat":"repeat","background-position":"center center","background-size":"auto","background-attachment":"scroll","background-type":"","background-media":"","overlay-type":"","overlay-color":"","overlay-opacity":"","overlay-gradient":""}},"ast-content-background-meta":{"desktop":{"background-color":"var(--ast-global-color-5)","background-image":"","background-repeat":"repeat","background-position":"center center","background-size":"auto","background-attachment":"scroll","background-type":"","background-media":"","overlay-type":"","overlay-color":"","overlay-opacity":"","overlay-gradient":""},"tablet":{"background-color":"var(--ast-global-color-5)","background-image":"","background-repeat":"repeat","background-position":"center center","background-size":"auto","background-attachment":"scroll","background-type":"","background-media":"","overlay-type":"","overlay-color":"","overlay-opacity":"","overlay-gradient":""},"mobile":{"background-color":"var(--ast-global-color-5)","background-image":"","background-repeat":"repeat","background-position":"center center","background-size":"auto","background-attachment":"scroll","background-type":"","background-media":"","overlay-type":"","overlay-color":"","overlay-opacity":"","overlay-gradient":""}},"footnotes":""},"class_list":["post-44","page","type-page","status-publish","hentry"],"_links":{"self":[{"href":"https:\/\/gigadmin.ch\/index.php\/wp-json\/wp\/v2\/pages\/44","targetHints":{"allow":["GET"]}}],"collection":[{"href":"https:\/\/gigadmin.ch\/index.php\/wp-json\/wp\/v2\/pages"}],"about":[{"href":"https:\/\/gigadmin.ch\/index.php\/wp-json\/wp\/v2\/types\/page"}],"author":[{"embeddable":true,"href":"https:\/\/gigadmin.ch\/index.php\/wp-json\/wp\/v2\/users\/1"}],"replies":[{"embeddable":true,"href":"https:\/\/gigadmin.ch\/index.php\/wp-json\/wp\/v2\/comments?post=44"}],"version-history":[{"count":69,"href":"https:\/\/gigadmin.ch\/index.php\/wp-json\/wp\/v2\/pages\/44\/revisions"}],"predecessor-version":[{"id":272,"href":"https:\/\/gigadmin.ch\/index.php\/wp-json\/wp\/v2\/pages\/44\/revisions\/272"}],"wp:attachment":[{"href":"https:\/\/gigadmin.ch\/index.php\/wp-json\/wp\/v2\/media?parent=44"}],"curies":[{"name":"wp","href":"https:\/\/api.w.org\/{rel}","templated":true}]}}